{"id":301,"date":"2022-10-02T17:05:22","date_gmt":"2022-10-02T15:05:22","guid":{"rendered":"http:\/\/51.178.39.65\/?page_id=301"},"modified":"2024-10-22T11:51:16","modified_gmt":"2024-10-22T09:51:16","slug":"massage-ayurvedique","status":"publish","type":"page","link":"https:\/\/douceuraunaturel.com\/index.php\/massages\/massage-ayurvedique\/","title":{"rendered":"MASSAGE AYURV\u00c9DIQUE"},"content":{"rendered":"\n<blockquote class=\"wp-block-quote is-layout-flow wp-block-quote-is-layout-flow\">\n<p><strong>Prix\u00a0: 65 <strong>\u20ac<\/strong> <\/strong><\/p>\n<\/blockquote>\n\n\n\n<p>Am\u00e9liore l&rsquo;\u00e9quilibre du corps et de l&rsquo;esprit, la vitalit\u00e9 et la sant\u00e9.<\/p>\n\n\n\n<p>\u00ab Abhyanga \u00bb signifie \u00ab massage \u00e0 l&rsquo;huile de tout le corps \u00bb. Son but est d&rsquo;harmoniser, revitaliser et mieux diffuser le \u00ab Prana \u00bb (l&rsquo;\u00e9nergie) dans le corps tout en r\u00e9\u00e9quilibrant les centres \u00e9nerg\u00e9tiques. C&rsquo;est un massage tr\u00e8s relaxant \u00e0 l&rsquo;huile (de s\u00e9same le plus souvent) chaude (ou ti\u00e8de) et parfois m\u00e9lang\u00e9e \u00e0 des plantes ayurv\u00e9diques. L&rsquo;ensemble du corps est mass\u00e9 lentement avec des mouvements faits de pressions sur des points \u00e9nerg\u00e9tiques, p\u00e9trissage, lissage, \u00e9tirements doux, frictions, tapotements et percussions.<\/p>\n\n\n\n<p><strong>Ses bienfaits :<\/strong>&nbsp;calme le mental, \u00e9limine la fatigue, les tensions, les impuret\u00e9s de l&rsquo;organisme. Am\u00e9liore la circulation. Agit sur le syst\u00e8me nerveux. Favorise un sommeil<strong>&nbsp;<\/strong>de bonne qualit\u00e9.<\/p>\n","protected":false},"excerpt":{"rendered":"<p>Prix\u00a0: 65 \u20ac Am\u00e9liore l&rsquo;\u00e9quilibre du corps et de l&rsquo;esprit, la vitalit\u00e9 et la sant\u00e9. \u00ab Abhyanga \u00bb signifie \u00ab massage \u00e0 l&rsquo;huile de tout &hellip; <\/p>\n","protected":false},"author":1,"featured_media":302,"parent":51,"menu_order":0,"comment_status":"closed","ping_status":"closed","template":"","meta":{"footnotes":""},"class_list":["post-301","page","type-page","status-publish","has-post-thumbnail","hentry"],"_links":{"self":[{"href":"https:\/\/douceuraunaturel.com\/index.php\/wp-json\/wp\/v2\/pages\/301","targetHints":{"allow":["GET"]}}],"collection":[{"href":"https:\/\/douceuraunaturel.com\/index.php\/wp-json\/wp\/v2\/pages"}],"about":[{"href":"https:\/\/douceuraunaturel.com\/index.php\/wp-json\/wp\/v2\/types\/page"}],"author":[{"embeddable":true,"href":"https:\/\/douceuraunaturel.com\/index.php\/wp-json\/wp\/v2\/users\/1"}],"replies":[{"embeddable":true,"href":"https:\/\/douceuraunaturel.com\/index.php\/wp-json\/wp\/v2\/comments?post=301"}],"version-history":[{"count":5,"href":"https:\/\/douceuraunaturel.com\/index.php\/wp-json\/wp\/v2\/pages\/301\/revisions"}],"predecessor-version":[{"id":509,"href":"https:\/\/douceuraunaturel.com\/index.php\/wp-json\/wp\/v2\/pages\/301\/revisions\/509"}],"up":[{"embeddable":true,"href":"https:\/\/douceuraunaturel.com\/index.php\/wp-json\/wp\/v2\/pages\/51"}],"wp:featuredmedia":[{"embeddable":true,"href":"https:\/\/douceuraunaturel.com\/index.php\/wp-json\/wp\/v2\/media\/302"}],"wp:attachment":[{"href":"https:\/\/douceuraunaturel.com\/index.php\/wp-json\/wp\/v2\/media?parent=301"}],"curies":[{"name":"wp","href":"https:\/\/api.w.org\/{rel}","templated":true}]}}