{"id":305,"date":"2022-10-02T17:09:31","date_gmt":"2022-10-02T15:09:31","guid":{"rendered":"http:\/\/51.178.39.65\/?page_id=305"},"modified":"2022-10-02T17:25:38","modified_gmt":"2022-10-02T15:25:38","slug":"massage-visage-japonais","status":"publish","type":"page","link":"https:\/\/douceuraunaturel.com\/index.php\/massages\/massage-visage-japonais\/","title":{"rendered":"MASSAGE VISAGE JAPONAIS"},"content":{"rendered":"\n<blockquote class=\"wp-block-quote is-layout-flow wp-block-quote-is-layout-flow\"><p><strong>Prix : 60 <strong>\u20ac<\/strong> \/ Dur\u00e9e : 60 minutes<\/strong><\/p><\/blockquote>\n\n\n\n<p>Les origines<\/p>\n\n\n\n<p>Le soin liftant visage, cou, buste&nbsp;est n\u00e9 au Japon, au XVe si\u00e8cle. D&rsquo;abord secret de beaut\u00e9 des imp\u00e9ratrices&nbsp;japonaises et des geishas.&nbsp;Cet art du massage traditionnel inspir\u00e9 de m\u00e9thodes chinoises se popularisant rapidement&nbsp;est aujourd&rsquo;hui une technique anti-\u00e2ge pl\u00e9biscit\u00e9e par toutes les femmes japonaises.&nbsp;Alors que la plupart des marques de cosm\u00e9tiques lancent leurs masques \u00e0 modeler soi-m\u00eame, des techniques ancestrales de l&rsquo;<strong>art du massage<\/strong>&nbsp;reviennent sur le devant de la sc\u00e8ne. C&rsquo;est le cas du<strong>&nbsp;massage&nbsp;japonais<\/strong>&nbsp;aux incroyables vertus anti-\u00e2ge.<\/p>\n\n\n\n<p>Le principe<\/p>\n\n\n\n<p>Ce qui rend ce massage du visage unique, c&rsquo;est son inspiration bas\u00e9e sur la m\u00e9decine traditionnelle. En effet, on retrouve dans ce massage des \u00e9l\u00e9ments \u00e9galement utilis\u00e9s lors de s\u00e9ances de shiatsu ou d&rsquo;acupuncture. La connaissance des m\u00e9ridiens, points d&rsquo;acupression reli\u00e9s \u00e0 nos organes&nbsp;est essentielle pour bien pratiquer le soin. Non seulement c&rsquo;est un massage relaxant mais c&rsquo;est aussi un massage qui va prendre soin de vous et agir en profondeur.<\/p>\n\n\n\n<p>Les bienfaits<\/p>\n\n\n\n<p>Pour lutter contre les signes du temps, les<strong>&nbsp;massages faciaux<\/strong>&nbsp;se r\u00e9v\u00e8lent efficaces \u00e0 bien des points. Le soin regroupe pas moins de cinquante mouvements tr\u00e8s pr\u00e9cis qui interviennent au niveau des m\u00e9ridiens et les points d&rsquo;acupuncture. Ce secret de jeunesse des imp\u00e9ratrices japonaises se r\u00e9v\u00e8le efficace \u00e0 bien des points :<\/p>\n\n\n\n<ul class=\"wp-block-list\"><li>Permet de&nbsp;<strong>r\u00e9\u00e9quilibrer la circulation de l&rsquo;\u00e9nergie dans le visage<\/strong>&nbsp;et le cou<\/li><li>Il&nbsp;<strong>att\u00e9nue<\/strong>&nbsp;les rides profondes<\/li><li>Il&nbsp;<strong>\u00e9limine le stress&nbsp;<\/strong>en relaxant les muscles du visage et la nuque<\/li><li>Il&nbsp;<strong>active<\/strong>&nbsp;la circulation sanguine et la production naturelle de collag\u00e8ne<\/li><li>Il&nbsp;<strong>efface<\/strong>&nbsp;les signes de fatigue et du stress<\/li><li>Le soin procure une sensation de l\u00e9g\u00e8ret\u00e9 et de&nbsp;<strong>bien-\u00eatre instantan\u00e9e<\/strong><\/li><\/ul>\n\n\n\n<div class=\"wp-block-buttons is-layout-flex wp-block-buttons-is-layout-flex\">\n<div class=\"wp-block-button\"><a class=\"wp-block-button__link\" href=\"https:\/\/douceur-au-naturel.reservio.com\/booking\" target=\"_blank\" rel=\"noreferrer noopener\">Prendre rendez-vous<\/a><\/div>\n<\/div>\n","protected":false},"excerpt":{"rendered":"<p>Prix : 60 \u20ac \/ Dur\u00e9e : 60 minutes Les origines Le soin liftant visage, cou, buste&nbsp;est n\u00e9 au Japon, au XVe si\u00e8cle. D&rsquo;abord secret &hellip; <\/p>\n","protected":false},"author":1,"featured_media":307,"parent":51,"menu_order":0,"comment_status":"closed","ping_status":"closed","template":"","meta":{"footnotes":""},"class_list":["post-305","page","type-page","status-publish","has-post-thumbnail","hentry"],"_links":{"self":[{"href":"https:\/\/douceuraunaturel.com\/index.php\/wp-json\/wp\/v2\/pages\/305","targetHints":{"allow":["GET"]}}],"collection":[{"href":"https:\/\/douceuraunaturel.com\/index.php\/wp-json\/wp\/v2\/pages"}],"about":[{"href":"https:\/\/douceuraunaturel.com\/index.php\/wp-json\/wp\/v2\/types\/page"}],"author":[{"embeddable":true,"href":"https:\/\/douceuraunaturel.com\/index.php\/wp-json\/wp\/v2\/users\/1"}],"replies":[{"embeddable":true,"href":"https:\/\/douceuraunaturel.com\/index.php\/wp-json\/wp\/v2\/comments?post=305"}],"version-history":[{"count":2,"href":"https:\/\/douceuraunaturel.com\/index.php\/wp-json\/wp\/v2\/pages\/305\/revisions"}],"predecessor-version":[{"id":323,"href":"https:\/\/douceuraunaturel.com\/index.php\/wp-json\/wp\/v2\/pages\/305\/revisions\/323"}],"up":[{"embeddable":true,"href":"https:\/\/douceuraunaturel.com\/index.php\/wp-json\/wp\/v2\/pages\/51"}],"wp:featuredmedia":[{"embeddable":true,"href":"https:\/\/douceuraunaturel.com\/index.php\/wp-json\/wp\/v2\/media\/307"}],"wp:attachment":[{"href":"https:\/\/douceuraunaturel.com\/index.php\/wp-json\/wp\/v2\/media?parent=305"}],"curies":[{"name":"wp","href":"https:\/\/api.w.org\/{rel}","templated":true}]}}