{"id":364,"date":"2022-10-02T18:35:37","date_gmt":"2022-10-02T16:35:37","guid":{"rendered":"http:\/\/51.178.39.65\/?page_id=364"},"modified":"2024-09-26T11:27:45","modified_gmt":"2024-09-26T09:27:45","slug":"lahochi","status":"publish","type":"page","link":"https:\/\/douceuraunaturel.com\/index.php\/soins-et-accompagnement\/lahochi\/","title":{"rendered":"LAHOCHI"},"content":{"rendered":"\n<blockquote class=\"wp-block-quote is-layout-flow wp-block-quote-is-layout-flow\">\n<p><strong>Prix\u00a0:\u00a045 &#8211; 60\u00a0<strong>\u20ac<\/strong>\u00a0\/ Dur\u00e9e\u00a0:\u00a0<strong>3<\/strong>0 &#8211; 45 minutes<\/strong><\/p>\n<\/blockquote>\n\n\n\n<p>Technique puissante par opposition des mains qui permet un profond r\u00e9\u00e9quilibrage en lib\u00e9rant blocages et tensions.<\/p>\n\n\n\n<p>Le LaHoChi est une m\u00e9thode de gu\u00e9rison \u00e9nerg\u00e9tique par les mains. Le LaHoChi est la plus haute fr\u00e9quence de lumi\u00e8re. Le \u00ab\u00a0La\u00a0\u00bb dans LaHoChi fait r\u00e9f\u00e9rence \u00e0 la lumi\u00e8re, l&rsquo;amour et la sagesse venant des fr\u00e9quences du Christ, le \u00ab\u00a0Ho\u00a0\u00bb fait r\u00e9f\u00e9rence au mouvement de cette \u00e9nergie et le \u00ab\u00a0Chi\u00a0\u00bb est la force de vie.&nbsp;<\/p>\n\n\n\n<p>Le LaHoChi retisse le champs d&rsquo;\u00e9nergie en r\u00e9parant les br\u00e8che, les d\u00e9chirures et les r\u00e9gions endommag\u00e9es qui peuvent \u00eatre les cons\u00e9quences de nos \u00e9preuves et de notre chemin de vie. Ce soin permet \u00e9galement d&rsquo;ouvrir et de nettoyer le syst\u00e8me des chakras, de r\u00e9 aligner la structure du corps, d&rsquo;acc\u00e9l\u00e9rer la gu\u00e9rison, d&rsquo;ouvrir les blocages du corps.<\/p>\n\n\n\n<p>Ce soin s&rsquo;effectue par la gu\u00e9risseuse \u00e0 travers 6 positions de mains sur le corps du client, au cour du soin la gu\u00e9risseuse place ses mains sur la t\u00eate, le torse, les bras, les hanches, les jambes et le coeur.<\/p>\n","protected":false},"excerpt":{"rendered":"<p>Prix\u00a0:\u00a045 &#8211; 60\u00a0\u20ac\u00a0\/ Dur\u00e9e\u00a0:\u00a030 &#8211; 45 minutes Technique puissante par opposition des mains qui permet un profond r\u00e9\u00e9quilibrage en lib\u00e9rant blocages et tensions. Le LaHoChi &hellip; <\/p>\n","protected":false},"author":1,"featured_media":365,"parent":340,"menu_order":0,"comment_status":"closed","ping_status":"closed","template":"","meta":{"footnotes":""},"class_list":["post-364","page","type-page","status-publish","has-post-thumbnail","hentry"],"_links":{"self":[{"href":"https:\/\/douceuraunaturel.com\/index.php\/wp-json\/wp\/v2\/pages\/364","targetHints":{"allow":["GET"]}}],"collection":[{"href":"https:\/\/douceuraunaturel.com\/index.php\/wp-json\/wp\/v2\/pages"}],"about":[{"href":"https:\/\/douceuraunaturel.com\/index.php\/wp-json\/wp\/v2\/types\/page"}],"author":[{"embeddable":true,"href":"https:\/\/douceuraunaturel.com\/index.php\/wp-json\/wp\/v2\/users\/1"}],"replies":[{"embeddable":true,"href":"https:\/\/douceuraunaturel.com\/index.php\/wp-json\/wp\/v2\/comments?post=364"}],"version-history":[{"count":2,"href":"https:\/\/douceuraunaturel.com\/index.php\/wp-json\/wp\/v2\/pages\/364\/revisions"}],"predecessor-version":[{"id":499,"href":"https:\/\/douceuraunaturel.com\/index.php\/wp-json\/wp\/v2\/pages\/364\/revisions\/499"}],"up":[{"embeddable":true,"href":"https:\/\/douceuraunaturel.com\/index.php\/wp-json\/wp\/v2\/pages\/340"}],"wp:featuredmedia":[{"embeddable":true,"href":"https:\/\/douceuraunaturel.com\/index.php\/wp-json\/wp\/v2\/media\/365"}],"wp:attachment":[{"href":"https:\/\/douceuraunaturel.com\/index.php\/wp-json\/wp\/v2\/media?parent=364"}],"curies":[{"name":"wp","href":"https:\/\/api.w.org\/{rel}","templated":true}]}}