{"id":370,"date":"2022-10-02T18:40:03","date_gmt":"2022-10-02T16:40:03","guid":{"rendered":"http:\/\/51.178.39.65\/?page_id=370"},"modified":"2024-09-24T17:51:05","modified_gmt":"2024-09-24T15:51:05","slug":"eft-pour-les-enfants","status":"publish","type":"page","link":"https:\/\/douceuraunaturel.com\/index.php\/soins-et-accompagnement\/eft-pour-les-enfants\/","title":{"rendered":"EFT POUR LES ENFANTS"},"content":{"rendered":"\n<blockquote class=\"wp-block-quote is-layout-flow wp-block-quote-is-layout-flow\">\n<p><strong>Prix\u00a0:\u00a045\u00a0<strong>\u20ac<\/strong>\u00a0\/ Dur\u00e9e\u00a0: 45 minutes<\/strong><\/p>\n<\/blockquote>\n\n\n\n<p>L&rsquo;Emotional Freedom Techniques, abr\u00e9g\u00e9e en EFT, repr\u00e9sente une pratique psycho-corporelle fond\u00e9e aux \u00c9tats-Unis en 1995 par un ing\u00e9nieur am\u00e9ricain du nom de Gary Craig aujourd&rsquo;hui \u00e0 la retraite et qui selon son auteur aurait valeur de psychoth\u00e9rapie.<\/p>\n\n\n\n<h3 class=\"wp-block-heading\">La technique&nbsp;<\/h3>\n\n\n\n<p>Elle est tr\u00e8s simple : La personne tapote doucement des points sp\u00e9cifiques sur les m\u00e9ridiens pendant qu&rsquo;elle se centre sur son probl\u00e8me ou sur la souffrance qu&rsquo;elle souhaite supprimer. Elle \u00e9quilibre ainsi les m\u00e9ridiens qui sont perturb\u00e9s lorsqu&rsquo;elle pense \u00e0 une \u00e9motion qui la d\u00e9range. Les points sp\u00e9cifiques sont des points \u00e9nerg\u00e9tiques pr\u00e9cis, sur le visage, le haut du corps et les mains.<\/p>\n\n\n\n<p>Il est possible d&rsquo;associer les tapotements \u00e0 une<strong>&nbsp;verbalisation consciente<\/strong>&nbsp;de l&rsquo;\u00e9motion \u00e0 traiter.<\/p>\n\n\n\n<p>Les m\u00e9ridiens perturb\u00e9s initialement par une \u00e9motion d\u00e9rangeante, retrouvent ainsi leur \u00e9quilibre et le&nbsp;<strong>soulagement est imm\u00e9diat<\/strong>. Une fois \u00e9quilibr\u00e9e, cette personne ne se laisse plus perturber par l&rsquo;\u00e9v\u00e9nement : la m\u00e9moire demeure, mais la charge \u00e9motionnelle qui l&rsquo;accompagnait est partie.<\/p>\n\n\n\n<p>La technique conna\u00eet actuellement un \u00e9norme succ\u00e8s : elle a le m\u00e9rite d&rsquo;\u00eatre&nbsp;<strong>simple, rapide, efficace et \u00ab\u00a0douce\u00a0\u00bb.<\/strong>&nbsp;La gu\u00e9rison est profonde et \u00e0 long terme.<\/p>\n\n\n\n<p>Selon le retour des praticiens qui l&rsquo;ont pratiqu\u00e9, L&rsquo;EFT a \u00e9t\u00e9 trouv\u00e9&nbsp;<strong>efficace \u00e0 80 %<\/strong>&nbsp;pour les traumatismes, les abus, le stress, l&rsquo;anxi\u00e9t\u00e9, les peurs, la culpabilit\u00e9, les phobies, les d\u00e9pressions, le deuil, le manque, et une centaine de sympt\u00f4mes de mal-\u00eatre &#8230;<\/p>\n","protected":false},"excerpt":{"rendered":"<p>Prix\u00a0:\u00a045\u00a0\u20ac\u00a0\/ Dur\u00e9e\u00a0: 45 minutes L&rsquo;Emotional Freedom Techniques, abr\u00e9g\u00e9e en EFT, repr\u00e9sente une pratique psycho-corporelle fond\u00e9e aux \u00c9tats-Unis en 1995 par un ing\u00e9nieur am\u00e9ricain du nom &hellip; <\/p>\n","protected":false},"author":1,"featured_media":371,"parent":340,"menu_order":0,"comment_status":"closed","ping_status":"closed","template":"","meta":{"footnotes":""},"class_list":["post-370","page","type-page","status-publish","has-post-thumbnail","hentry"],"_links":{"self":[{"href":"https:\/\/douceuraunaturel.com\/index.php\/wp-json\/wp\/v2\/pages\/370","targetHints":{"allow":["GET"]}}],"collection":[{"href":"https:\/\/douceuraunaturel.com\/index.php\/wp-json\/wp\/v2\/pages"}],"about":[{"href":"https:\/\/douceuraunaturel.com\/index.php\/wp-json\/wp\/v2\/types\/page"}],"author":[{"embeddable":true,"href":"https:\/\/douceuraunaturel.com\/index.php\/wp-json\/wp\/v2\/users\/1"}],"replies":[{"embeddable":true,"href":"https:\/\/douceuraunaturel.com\/index.php\/wp-json\/wp\/v2\/comments?post=370"}],"version-history":[{"count":2,"href":"https:\/\/douceuraunaturel.com\/index.php\/wp-json\/wp\/v2\/pages\/370\/revisions"}],"predecessor-version":[{"id":492,"href":"https:\/\/douceuraunaturel.com\/index.php\/wp-json\/wp\/v2\/pages\/370\/revisions\/492"}],"up":[{"embeddable":true,"href":"https:\/\/douceuraunaturel.com\/index.php\/wp-json\/wp\/v2\/pages\/340"}],"wp:featuredmedia":[{"embeddable":true,"href":"https:\/\/douceuraunaturel.com\/index.php\/wp-json\/wp\/v2\/media\/371"}],"wp:attachment":[{"href":"https:\/\/douceuraunaturel.com\/index.php\/wp-json\/wp\/v2\/media?parent=370"}],"curies":[{"name":"wp","href":"https:\/\/api.w.org\/{rel}","templated":true}]}}