{"id":476,"date":"2023-04-18T10:56:44","date_gmt":"2023-04-18T08:56:44","guid":{"rendered":"https:\/\/douceuraunaturel.com\/?page_id=476"},"modified":"2024-10-22T15:08:25","modified_gmt":"2024-10-22T13:08:25","slug":"reflexologie-plantaire-de-bien-etre","status":"publish","type":"page","link":"https:\/\/douceuraunaturel.com\/index.php\/massages\/reflexologie-plantaire-de-bien-etre\/","title":{"rendered":"R\u00e9flexologie plantaire"},"content":{"rendered":"\n<p><strong>Prix\u00a0:\u00a060\u00a0<strong>\u20ac<\/strong>\u00a0\/ Dur\u00e9e\u00a0:\u00a0<strong>6<\/strong>0 minutes<\/strong><\/p>\n\n\n\n<p>L&rsquo;int\u00e9r\u00eat principal de la r\u00e9flexologie est qu&rsquo;elle&nbsp;<strong>permet d&rsquo;activer le processus d&rsquo;autogu\u00e9rison et de r\u00e9\u00e9quilibration du corps<\/strong>. La r\u00e9flexologie permet notamment de drainer les toxines pr\u00e9sentes dans l&rsquo;organisme et de soulager certaines douleurs.<\/p>\n","protected":false},"excerpt":{"rendered":"<p>Prix\u00a0:\u00a060\u00a0\u20ac\u00a0\/ Dur\u00e9e\u00a0:\u00a060 minutes L&rsquo;int\u00e9r\u00eat principal de la r\u00e9flexologie est qu&rsquo;elle&nbsp;permet d&rsquo;activer le processus d&rsquo;autogu\u00e9rison et de r\u00e9\u00e9quilibration du corps. La r\u00e9flexologie permet notamment de drainer &hellip; <\/p>\n","protected":false},"author":1,"featured_media":477,"parent":51,"menu_order":0,"comment_status":"closed","ping_status":"closed","template":"","meta":{"footnotes":""},"class_list":["post-476","page","type-page","status-publish","has-post-thumbnail","hentry"],"_links":{"self":[{"href":"https:\/\/douceuraunaturel.com\/index.php\/wp-json\/wp\/v2\/pages\/476","targetHints":{"allow":["GET"]}}],"collection":[{"href":"https:\/\/douceuraunaturel.com\/index.php\/wp-json\/wp\/v2\/pages"}],"about":[{"href":"https:\/\/douceuraunaturel.com\/index.php\/wp-json\/wp\/v2\/types\/page"}],"author":[{"embeddable":true,"href":"https:\/\/douceuraunaturel.com\/index.php\/wp-json\/wp\/v2\/users\/1"}],"replies":[{"embeddable":true,"href":"https:\/\/douceuraunaturel.com\/index.php\/wp-json\/wp\/v2\/comments?post=476"}],"version-history":[{"count":3,"href":"https:\/\/douceuraunaturel.com\/index.php\/wp-json\/wp\/v2\/pages\/476\/revisions"}],"predecessor-version":[{"id":513,"href":"https:\/\/douceuraunaturel.com\/index.php\/wp-json\/wp\/v2\/pages\/476\/revisions\/513"}],"up":[{"embeddable":true,"href":"https:\/\/douceuraunaturel.com\/index.php\/wp-json\/wp\/v2\/pages\/51"}],"wp:featuredmedia":[{"embeddable":true,"href":"https:\/\/douceuraunaturel.com\/index.php\/wp-json\/wp\/v2\/media\/477"}],"wp:attachment":[{"href":"https:\/\/douceuraunaturel.com\/index.php\/wp-json\/wp\/v2\/media?parent=476"}],"curies":[{"name":"wp","href":"https:\/\/api.w.org\/{rel}","templated":true}]}}