{"id":51,"date":"2022-10-02T12:52:07","date_gmt":"2022-10-02T10:52:07","guid":{"rendered":"http:\/\/51.178.39.65\/?page_id=51"},"modified":"2024-10-22T15:44:23","modified_gmt":"2024-10-22T13:44:23","slug":"massages","status":"publish","type":"page","link":"https:\/\/douceuraunaturel.com\/index.php\/massages\/","title":{"rendered":"Massages"},"content":{"rendered":"\n<p>Les b\u00e9n\u00e9fices du&nbsp;<strong>massage<\/strong>&nbsp;sont clairement \u00e9tablis et<strong>&nbsp;vous aident \u00e0 att\u00e9nuer<\/strong>:<\/p>\n\n\n\n<ul class=\"wp-block-list\">\n<li>les douleurs et tension musculaires<\/li>\n\n\n\n<li>le stress, l\u2019anxi\u00e9t\u00e9 et vous redonne la confiance en soi<\/li>\n\n\n\n<li>les probl\u00e8mes digestifs<\/li>\n\n\n\n<li>la fibromyalgie<\/li>\n\n\n\n<li>les maux de t\u00eate<\/li>\n\n\n\n<li>les insomnies li\u00e9es au stress<\/li>\n\n\n\n<li>les vertiges&#8230;<\/li>\n<\/ul>\n\n\n\n<div class=\"wp-block-query is-layout-flow wp-block-query-is-layout-flow\"><ul class=\"wp-block-post-template is-layout-flow wp-block-post-template-is-layout-flow\"><li class=\"wp-block-post post-515 page type-page status-publish hentry\">\n\n<div class=\"wp-block-columns are-vertically-aligned-center is-layout-flex wp-container-core-columns-is-layout-9d6595d7 wp-block-columns-is-layout-flex\">\n<div class=\"wp-block-column is-vertically-aligned-center is-layout-flow wp-block-column-is-layout-flow\" style=\"flex-basis:25%\"><\/div>\n\n\n\n<div class=\"wp-block-column is-vertically-aligned-center is-layout-flow wp-block-column-is-layout-flow\" style=\"flex-basis:75%\"><h2 class=\"wp-block-post-title\"><a href=\"https:\/\/douceuraunaturel.com\/index.php\/massage-memoire-cellulaire-acces-bars\/\" target=\"_self\" >Massage m\u00e9moire cellulaire + acc\u00e8s bars<\/a><\/h2><\/div>\n<\/div>\n\n<\/li><li class=\"wp-block-post post-510 page type-page status-publish hentry\">\n\n<div class=\"wp-block-columns are-vertically-aligned-center is-layout-flex wp-container-core-columns-is-layout-9d6595d7 wp-block-columns-is-layout-flex\">\n<div class=\"wp-block-column is-vertically-aligned-center is-layout-flow wp-block-column-is-layout-flow\" style=\"flex-basis:25%\"><\/div>\n\n\n\n<div class=\"wp-block-column is-vertically-aligned-center is-layout-flow wp-block-column-is-layout-flow\" style=\"flex-basis:75%\"><h2 class=\"wp-block-post-title\"><a href=\"https:\/\/douceuraunaturel.com\/index.php\/reflexologie-plantaire-massage-dos\/\" target=\"_self\" >R\u00e9flexologie plantaire + massage dos<\/a><\/h2><\/div>\n<\/div>\n\n<\/li><li class=\"wp-block-post post-309 page type-page status-publish has-post-thumbnail hentry\">\n\n<div class=\"wp-block-columns are-vertically-aligned-center is-layout-flex wp-container-core-columns-is-layout-9d6595d7 wp-block-columns-is-layout-flex\">\n<div class=\"wp-block-column is-vertically-aligned-center is-layout-flow wp-block-column-is-layout-flow\" style=\"flex-basis:25%\"><figure class=\"wp-block-post-featured-image\"><a href=\"https:\/\/douceuraunaturel.com\/index.php\/massages\/massage-minceur\/\" target=\"_self\"  ><img loading=\"lazy\" decoding=\"async\" width=\"710\" height=\"468\" src=\"https:\/\/douceuraunaturel.com\/wp-content\/uploads\/2022\/10\/massage-minceur-e1664723690221.jpeg\" class=\"attachment-post-thumbnail size-post-thumbnail wp-post-image\" alt=\"MASSAGE MINCEUR\" style=\"object-fit:cover;\" srcset=\"https:\/\/douceuraunaturel.com\/wp-content\/uploads\/2022\/10\/massage-minceur-e1664723690221.jpeg 710w, https:\/\/douceuraunaturel.com\/wp-content\/uploads\/2022\/10\/massage-minceur-e1664723690221-300x198.jpeg 300w, https:\/\/douceuraunaturel.com\/wp-content\/uploads\/2022\/10\/massage-minceur-e1664723690221-91x60.jpeg 91w\" sizes=\"auto, (max-width: 710px) 100vw, 710px\" \/><\/a><\/figure><\/div>\n\n\n\n<div class=\"wp-block-column is-vertically-aligned-center is-layout-flow wp-block-column-is-layout-flow\" style=\"flex-basis:75%\"><h2 class=\"wp-block-post-title\"><a href=\"https:\/\/douceuraunaturel.com\/index.php\/massages\/massage-minceur\/\" target=\"_self\" >MASSAGE MINCEUR<\/a><\/h2><\/div>\n<\/div>\n\n<\/li><li class=\"wp-block-post post-305 page type-page status-publish has-post-thumbnail hentry\">\n\n<div class=\"wp-block-columns are-vertically-aligned-center is-layout-flex wp-container-core-columns-is-layout-9d6595d7 wp-block-columns-is-layout-flex\">\n<div class=\"wp-block-column is-vertically-aligned-center is-layout-flow wp-block-column-is-layout-flow\" style=\"flex-basis:25%\"><figure class=\"wp-block-post-featured-image\"><a href=\"https:\/\/douceuraunaturel.com\/index.php\/massages\/massage-visage-japonais\/\" target=\"_self\"  ><img loading=\"lazy\" decoding=\"async\" width=\"742\" height=\"496\" src=\"https:\/\/douceuraunaturel.com\/wp-content\/uploads\/2022\/10\/massage-visage-japonais-e1664723425277.jpeg\" class=\"attachment-post-thumbnail size-post-thumbnail wp-post-image\" alt=\"MASSAGE VISAGE JAPONAIS\" style=\"object-fit:cover;\" srcset=\"https:\/\/douceuraunaturel.com\/wp-content\/uploads\/2022\/10\/massage-visage-japonais-e1664723425277.jpeg 742w, https:\/\/douceuraunaturel.com\/wp-content\/uploads\/2022\/10\/massage-visage-japonais-e1664723425277-300x201.jpeg 300w, https:\/\/douceuraunaturel.com\/wp-content\/uploads\/2022\/10\/massage-visage-japonais-e1664723425277-90x60.jpeg 90w, https:\/\/douceuraunaturel.com\/wp-content\/uploads\/2022\/10\/massage-visage-japonais-e1664723425277-370x247.jpeg 370w\" sizes=\"auto, (max-width: 742px) 100vw, 742px\" \/><\/a><\/figure><\/div>\n\n\n\n<div class=\"wp-block-column is-vertically-aligned-center is-layout-flow wp-block-column-is-layout-flow\" style=\"flex-basis:75%\"><h2 class=\"wp-block-post-title\"><a href=\"https:\/\/douceuraunaturel.com\/index.php\/massages\/massage-visage-japonais\/\" target=\"_self\" >MASSAGE VISAGE JAPONAIS<\/a><\/h2><\/div>\n<\/div>\n\n<\/li><li class=\"wp-block-post post-301 page type-page status-publish has-post-thumbnail hentry\">\n\n<div class=\"wp-block-columns are-vertically-aligned-center is-layout-flex wp-container-core-columns-is-layout-9d6595d7 wp-block-columns-is-layout-flex\">\n<div class=\"wp-block-column is-vertically-aligned-center is-layout-flow wp-block-column-is-layout-flow\" style=\"flex-basis:25%\"><figure class=\"wp-block-post-featured-image\"><a href=\"https:\/\/douceuraunaturel.com\/index.php\/massages\/massage-ayurvedique\/\" target=\"_self\"  ><img loading=\"lazy\" decoding=\"async\" width=\"552\" height=\"292\" src=\"https:\/\/douceuraunaturel.com\/wp-content\/uploads\/2022\/10\/massage-ayurvedique-e1664723114616.jpeg\" class=\"attachment-post-thumbnail size-post-thumbnail wp-post-image\" alt=\"MASSAGE AYURV\u00c9DIQUE\" style=\"object-fit:cover;\" srcset=\"https:\/\/douceuraunaturel.com\/wp-content\/uploads\/2022\/10\/massage-ayurvedique-e1664723114616.jpeg 552w, https:\/\/douceuraunaturel.com\/wp-content\/uploads\/2022\/10\/massage-ayurvedique-e1664723114616-300x159.jpeg 300w, https:\/\/douceuraunaturel.com\/wp-content\/uploads\/2022\/10\/massage-ayurvedique-e1664723114616-113x60.jpeg 113w\" sizes=\"auto, (max-width: 552px) 100vw, 552px\" \/><\/a><\/figure><\/div>\n\n\n\n<div class=\"wp-block-column is-vertically-aligned-center is-layout-flow wp-block-column-is-layout-flow\" style=\"flex-basis:75%\"><h2 class=\"wp-block-post-title\"><a href=\"https:\/\/douceuraunaturel.com\/index.php\/massages\/massage-ayurvedique\/\" target=\"_self\" >MASSAGE AYURV\u00c9DIQUE<\/a><\/h2><\/div>\n<\/div>\n\n<\/li><li class=\"wp-block-post post-286 page type-page status-publish has-post-thumbnail hentry\">\n\n<div class=\"wp-block-columns are-vertically-aligned-center is-layout-flex wp-container-core-columns-is-layout-9d6595d7 wp-block-columns-is-layout-flex\">\n<div class=\"wp-block-column is-vertically-aligned-center is-layout-flow wp-block-column-is-layout-flow\" style=\"flex-basis:25%\"><figure class=\"wp-block-post-featured-image\"><a href=\"https:\/\/douceuraunaturel.com\/index.php\/massages\/massage-semi-complet\/\" target=\"_self\"  ><img loading=\"lazy\" decoding=\"async\" width=\"540\" height=\"268\" src=\"https:\/\/douceuraunaturel.com\/wp-content\/uploads\/2022\/10\/massage-semi-complet-e1664722829134.jpeg\" class=\"attachment-post-thumbnail size-post-thumbnail wp-post-image\" alt=\"MASSAGE SEMI COMPLET\" style=\"object-fit:cover;\" srcset=\"https:\/\/douceuraunaturel.com\/wp-content\/uploads\/2022\/10\/massage-semi-complet-e1664722829134.jpeg 540w, https:\/\/douceuraunaturel.com\/wp-content\/uploads\/2022\/10\/massage-semi-complet-e1664722829134-300x149.jpeg 300w, https:\/\/douceuraunaturel.com\/wp-content\/uploads\/2022\/10\/massage-semi-complet-e1664722829134-121x60.jpeg 121w\" sizes=\"auto, (max-width: 540px) 100vw, 540px\" \/><\/a><\/figure><\/div>\n\n\n\n<div class=\"wp-block-column is-vertically-aligned-center is-layout-flow wp-block-column-is-layout-flow\" style=\"flex-basis:75%\"><h2 class=\"wp-block-post-title\"><a href=\"https:\/\/douceuraunaturel.com\/index.php\/massages\/massage-semi-complet\/\" target=\"_self\" >MASSAGE SEMI COMPLET<\/a><\/h2><\/div>\n<\/div>\n\n<\/li><li class=\"wp-block-post post-276 page type-page status-publish has-post-thumbnail hentry\">\n\n<div class=\"wp-block-columns are-vertically-aligned-center is-layout-flex wp-container-core-columns-is-layout-9d6595d7 wp-block-columns-is-layout-flex\">\n<div class=\"wp-block-column is-vertically-aligned-center is-layout-flow wp-block-column-is-layout-flow\" style=\"flex-basis:25%\"><figure class=\"wp-block-post-featured-image\"><a href=\"https:\/\/douceuraunaturel.com\/index.php\/massages\/massage-dos\/\" target=\"_self\"  ><img loading=\"lazy\" decoding=\"async\" width=\"386\" height=\"286\" src=\"https:\/\/douceuraunaturel.com\/wp-content\/uploads\/2022\/10\/massage-dos--e1664721977153.jpeg\" class=\"attachment-post-thumbnail size-post-thumbnail wp-post-image\" alt=\"MASSAGE DOS\" style=\"object-fit:cover;\" srcset=\"https:\/\/douceuraunaturel.com\/wp-content\/uploads\/2022\/10\/massage-dos--e1664721977153.jpeg 386w, https:\/\/douceuraunaturel.com\/wp-content\/uploads\/2022\/10\/massage-dos--e1664721977153-300x222.jpeg 300w, https:\/\/douceuraunaturel.com\/wp-content\/uploads\/2022\/10\/massage-dos--e1664721977153-81x60.jpeg 81w, https:\/\/douceuraunaturel.com\/wp-content\/uploads\/2022\/10\/massage-dos--e1664721977153-110x83.jpeg 110w\" sizes=\"auto, (max-width: 386px) 100vw, 386px\" \/><\/a><\/figure><\/div>\n\n\n\n<div class=\"wp-block-column is-vertically-aligned-center is-layout-flow wp-block-column-is-layout-flow\" style=\"flex-basis:75%\"><h2 class=\"wp-block-post-title\"><a href=\"https:\/\/douceuraunaturel.com\/index.php\/massages\/massage-dos\/\" target=\"_self\" >MASSAGE DOS<\/a><\/h2><\/div>\n<\/div>\n\n<\/li><li class=\"wp-block-post post-269 page type-page status-publish has-post-thumbnail hentry\">\n\n<div class=\"wp-block-columns are-vertically-aligned-center is-layout-flex wp-container-core-columns-is-layout-9d6595d7 wp-block-columns-is-layout-flex\">\n<div class=\"wp-block-column is-vertically-aligned-center is-layout-flow wp-block-column-is-layout-flow\" style=\"flex-basis:25%\"><figure class=\"wp-block-post-featured-image\"><a href=\"https:\/\/douceuraunaturel.com\/index.php\/massages\/massage-visage-crane\/\" target=\"_self\"  ><img loading=\"lazy\" decoding=\"async\" width=\"748\" height=\"498\" src=\"https:\/\/douceuraunaturel.com\/wp-content\/uploads\/2022\/10\/massage-visage-crane-e1664721253858.jpeg\" class=\"attachment-post-thumbnail size-post-thumbnail wp-post-image\" alt=\"MASSAGE VISAGE CRANE\" style=\"object-fit:cover;\" srcset=\"https:\/\/douceuraunaturel.com\/wp-content\/uploads\/2022\/10\/massage-visage-crane-e1664721253858.jpeg 748w, https:\/\/douceuraunaturel.com\/wp-content\/uploads\/2022\/10\/massage-visage-crane-e1664721253858-300x200.jpeg 300w, https:\/\/douceuraunaturel.com\/wp-content\/uploads\/2022\/10\/massage-visage-crane-e1664721253858-90x60.jpeg 90w, https:\/\/douceuraunaturel.com\/wp-content\/uploads\/2022\/10\/massage-visage-crane-e1664721253858-370x247.jpeg 370w\" sizes=\"auto, (max-width: 748px) 100vw, 748px\" \/><\/a><\/figure><\/div>\n\n\n\n<div class=\"wp-block-column is-vertically-aligned-center is-layout-flow wp-block-column-is-layout-flow\" style=\"flex-basis:75%\"><h2 class=\"wp-block-post-title\"><a href=\"https:\/\/douceuraunaturel.com\/index.php\/massages\/massage-visage-crane\/\" target=\"_self\" >MASSAGE VISAGE CRANE<\/a><\/h2><\/div>\n<\/div>\n\n<\/li><li class=\"wp-block-post post-265 page type-page status-publish has-post-thumbnail hentry\">\n\n<div class=\"wp-block-columns are-vertically-aligned-center is-layout-flex wp-container-core-columns-is-layout-9d6595d7 wp-block-columns-is-layout-flex\">\n<div class=\"wp-block-column is-vertically-aligned-center is-layout-flow wp-block-column-is-layout-flow\" style=\"flex-basis:25%\"><figure class=\"wp-block-post-featured-image\"><a href=\"https:\/\/douceuraunaturel.com\/index.php\/massages\/massage-jambes\/\" target=\"_self\"  ><img loading=\"lazy\" decoding=\"async\" width=\"800\" height=\"478\" src=\"https:\/\/douceuraunaturel.com\/wp-content\/uploads\/2022\/10\/massage-jambes-e1664720988488.jpeg\" class=\"attachment-post-thumbnail size-post-thumbnail wp-post-image\" alt=\"MASSAGE JAMBES\" style=\"object-fit:cover;\" srcset=\"https:\/\/douceuraunaturel.com\/wp-content\/uploads\/2022\/10\/massage-jambes-e1664720988488.jpeg 800w, https:\/\/douceuraunaturel.com\/wp-content\/uploads\/2022\/10\/massage-jambes-e1664720988488-300x179.jpeg 300w, https:\/\/douceuraunaturel.com\/wp-content\/uploads\/2022\/10\/massage-jambes-e1664720988488-768x459.jpeg 768w, https:\/\/douceuraunaturel.com\/wp-content\/uploads\/2022\/10\/massage-jambes-e1664720988488-100x60.jpeg 100w\" sizes=\"auto, (max-width: 800px) 100vw, 800px\" \/><\/a><\/figure><\/div>\n\n\n\n<div class=\"wp-block-column is-vertically-aligned-center is-layout-flow wp-block-column-is-layout-flow\" style=\"flex-basis:75%\"><h2 class=\"wp-block-post-title\"><a href=\"https:\/\/douceuraunaturel.com\/index.php\/massages\/massage-jambes\/\" target=\"_self\" >MASSAGE JAMBES<\/a><\/h2><\/div>\n<\/div>\n\n<\/li><li class=\"wp-block-post post-51 page type-page status-publish hentry\">\n\n<div class=\"wp-block-columns are-vertically-aligned-center is-layout-flex wp-container-core-columns-is-layout-9d6595d7 wp-block-columns-is-layout-flex\">\n<div class=\"wp-block-column is-vertically-aligned-center is-layout-flow wp-block-column-is-layout-flow\" style=\"flex-basis:25%\"><\/div>\n\n\n\n<div class=\"wp-block-column is-vertically-aligned-center is-layout-flow wp-block-column-is-layout-flow\" style=\"flex-basis:75%\"><h2 class=\"wp-block-post-title\"><a href=\"https:\/\/douceuraunaturel.com\/index.php\/massages\/\" target=\"_self\" >Massages<\/a><\/h2><\/div>\n<\/div>\n\n<\/li><\/ul><\/div>\n","protected":false},"excerpt":{"rendered":"<p>Les b\u00e9n\u00e9fices du&nbsp;massage&nbsp;sont clairement \u00e9tablis et&nbsp;vous aident \u00e0 att\u00e9nuer:<\/p>\n","protected":false},"author":1,"featured_media":0,"parent":0,"menu_order":0,"comment_status":"closed","ping_status":"closed","template":"","meta":{"footnotes":""},"class_list":["post-51","page","type-page","status-publish","hentry"],"_links":{"self":[{"href":"https:\/\/douceuraunaturel.com\/index.php\/wp-json\/wp\/v2\/pages\/51","targetHints":{"allow":["GET"]}}],"collection":[{"href":"https:\/\/douceuraunaturel.com\/index.php\/wp-json\/wp\/v2\/pages"}],"about":[{"href":"https:\/\/douceuraunaturel.com\/index.php\/wp-json\/wp\/v2\/types\/page"}],"author":[{"embeddable":true,"href":"https:\/\/douceuraunaturel.com\/index.php\/wp-json\/wp\/v2\/users\/1"}],"replies":[{"embeddable":true,"href":"https:\/\/douceuraunaturel.com\/index.php\/wp-json\/wp\/v2\/comments?post=51"}],"version-history":[{"count":13,"href":"https:\/\/douceuraunaturel.com\/index.php\/wp-json\/wp\/v2\/pages\/51\/revisions"}],"predecessor-version":[{"id":518,"href":"https:\/\/douceuraunaturel.com\/index.php\/wp-json\/wp\/v2\/pages\/51\/revisions\/518"}],"wp:attachment":[{"href":"https:\/\/douceuraunaturel.com\/index.php\/wp-json\/wp\/v2\/media?parent=51"}],"curies":[{"name":"wp","href":"https:\/\/api.w.org\/{rel}","templated":true}]}}