{"id":510,"date":"2024-10-22T15:10:59","date_gmt":"2024-10-22T13:10:59","guid":{"rendered":"https:\/\/douceuraunaturel.com\/?page_id=510"},"modified":"2024-10-22T15:57:34","modified_gmt":"2024-10-22T13:57:34","slug":"reflexologie-plantaire-massage-dos","status":"publish","type":"page","link":"https:\/\/douceuraunaturel.com\/index.php\/reflexologie-plantaire-massage-dos\/","title":{"rendered":"R\u00e9flexologie plantaire + massage dos"},"content":{"rendered":"\n<p><strong>Prix : 75\u20ac pour 01h15<\/strong><\/p>\n\n\n\n<p>Massage dos de 30 minutes suivi d&rsquo;une r\u00e9flexologie plantaire durant 45 minutes.<\/p>\n\n\n\n<p>L&rsquo;int\u00e9r\u00eat principal de la r\u00e9flexologie est qu&rsquo;elle\u00a0<strong>permet d&rsquo;activer le processus d&rsquo;autogu\u00e9risons et de r\u00e9\u00e9quilibration du corps<\/strong>. La r\u00e9flexologie permet notamment de drainer les toxines pr\u00e9sentes dans l&rsquo;organisme et de soulager certaines douleurs.<\/p>\n\n\n\n<p>Le massage dos permet \u00e9galement d&rsquo;\u00e9vacuer les toxines et de stimuler la circulation sanguine, lymphatique et \u00e9nerg\u00e9tique.<\/p>\n\n\n\n<p>Ce massage permet une d\u00e9tente profonde de toute les tensions accumul\u00e9es.<\/p>\n","protected":false},"excerpt":{"rendered":"<p>Prix : 75\u20ac pour 01h15 Massage dos de 30 minutes suivi d&rsquo;une r\u00e9flexologie plantaire durant 45 minutes. L&rsquo;int\u00e9r\u00eat principal de la r\u00e9flexologie est qu&rsquo;elle\u00a0permet d&rsquo;activer &hellip; <\/p>\n","protected":false},"author":1,"featured_media":0,"parent":0,"menu_order":0,"comment_status":"closed","ping_status":"closed","template":"","meta":{"footnotes":""},"class_list":["post-510","page","type-page","status-publish","hentry"],"_links":{"self":[{"href":"https:\/\/douceuraunaturel.com\/index.php\/wp-json\/wp\/v2\/pages\/510","targetHints":{"allow":["GET"]}}],"collection":[{"href":"https:\/\/douceuraunaturel.com\/index.php\/wp-json\/wp\/v2\/pages"}],"about":[{"href":"https:\/\/douceuraunaturel.com\/index.php\/wp-json\/wp\/v2\/types\/page"}],"author":[{"embeddable":true,"href":"https:\/\/douceuraunaturel.com\/index.php\/wp-json\/wp\/v2\/users\/1"}],"replies":[{"embeddable":true,"href":"https:\/\/douceuraunaturel.com\/index.php\/wp-json\/wp\/v2\/comments?post=510"}],"version-history":[{"count":3,"href":"https:\/\/douceuraunaturel.com\/index.php\/wp-json\/wp\/v2\/pages\/510\/revisions"}],"predecessor-version":[{"id":514,"href":"https:\/\/douceuraunaturel.com\/index.php\/wp-json\/wp\/v2\/pages\/510\/revisions\/514"}],"wp:attachment":[{"href":"https:\/\/douceuraunaturel.com\/index.php\/wp-json\/wp\/v2\/media?parent=510"}],"curies":[{"name":"wp","href":"https:\/\/api.w.org\/{rel}","templated":true}]}}