{"id":515,"date":"2024-10-22T15:33:59","date_gmt":"2024-10-22T13:33:59","guid":{"rendered":"https:\/\/douceuraunaturel.com\/?page_id=515"},"modified":"2024-10-22T15:33:59","modified_gmt":"2024-10-22T13:33:59","slug":"massage-memoire-cellulaire-acces-bars","status":"publish","type":"page","link":"https:\/\/douceuraunaturel.com\/index.php\/massage-memoire-cellulaire-acces-bars\/","title":{"rendered":"Massage m\u00e9moire cellulaire + acc\u00e8s bars"},"content":{"rendered":"\n<p><strong>Prix : 85\u20ac pour 01h45<\/strong><\/p>\n\n\n\n<p>Lib\u00e9rer le corps et le mental de toute r\u00e9sistances et blocages conscient et inconscient.<\/p>\n\n\n\n<p>L\u2019Access Bars est un ensemble d&rsquo;outils visant \u00e0 \u00e9largir la conscience et les possibilit\u00e9s personnelles. Selon Gary Douglas, nos points de vue fa\u00e7onnent notre r\u00e9alit\u00e9, nous emp\u00eachant parfois de suivre notre v\u00e9ritable chemin. Nos croyances et \u00e9motions, pass\u00e9es ou pr\u00e9sentes, influencent notre vie. Cette m\u00e9thode souligne que nous avons le pouvoir de cr\u00e9er des r\u00e9alit\u00e9s, qu&rsquo;elles soient positives ou n\u00e9gatives, et que celles-ci peuvent affecter nos actions.<\/p>\n\n\n\n<p>D\u00e9programmation des m\u00e9moires ancr\u00e9es et enregistr\u00e9es dans vos cellules, des blocages li\u00e9s \u00e0 des probl\u00e8mes r\u00e9currents, sch\u00e9mas r\u00e9p\u00e9titifs, croyances limitantes et blessures \u00e9motionnelles que le corps a gard\u00e9 en m\u00e9moire de votre conception \u00e0 aujourd\u2019hui, voir plus.<\/p>\n\n\n\n<p><\/p>\n","protected":false},"excerpt":{"rendered":"<p>Prix : 85\u20ac pour 01h45 Lib\u00e9rer le corps et le mental de toute r\u00e9sistances et blocages conscient et inconscient. L\u2019Access Bars est un ensemble d&rsquo;outils &hellip; <\/p>\n","protected":false},"author":1,"featured_media":0,"parent":0,"menu_order":0,"comment_status":"closed","ping_status":"closed","template":"","meta":{"footnotes":""},"class_list":["post-515","page","type-page","status-publish","hentry"],"_links":{"self":[{"href":"https:\/\/douceuraunaturel.com\/index.php\/wp-json\/wp\/v2\/pages\/515","targetHints":{"allow":["GET"]}}],"collection":[{"href":"https:\/\/douceuraunaturel.com\/index.php\/wp-json\/wp\/v2\/pages"}],"about":[{"href":"https:\/\/douceuraunaturel.com\/index.php\/wp-json\/wp\/v2\/types\/page"}],"author":[{"embeddable":true,"href":"https:\/\/douceuraunaturel.com\/index.php\/wp-json\/wp\/v2\/users\/1"}],"replies":[{"embeddable":true,"href":"https:\/\/douceuraunaturel.com\/index.php\/wp-json\/wp\/v2\/comments?post=515"}],"version-history":[{"count":1,"href":"https:\/\/douceuraunaturel.com\/index.php\/wp-json\/wp\/v2\/pages\/515\/revisions"}],"predecessor-version":[{"id":516,"href":"https:\/\/douceuraunaturel.com\/index.php\/wp-json\/wp\/v2\/pages\/515\/revisions\/516"}],"wp:attachment":[{"href":"https:\/\/douceuraunaturel.com\/index.php\/wp-json\/wp\/v2\/media?parent=515"}],"curies":[{"name":"wp","href":"https:\/\/api.w.org\/{rel}","templated":true}]}}